{"id":23123,"date":"2020-11-09T14:44:48","date_gmt":"2020-11-09T19:44:48","guid":{"rendered":"https:\/\/samuelfourrures.com\/produit\/blue-lagoon-finnish-cat-scarf\/"},"modified":"2024-04-06T01:26:30","modified_gmt":"2024-04-06T05:26:30","slug":"blue-lagoon-finnish-cat-scarf","status":"publish","type":"product","link":"https:\/\/staging.samuelfourrures.com\/en\/produit\/blue-lagoon-finnish-cat-scarf\/","title":{"rendered":"Blue Lagoon Finnish cat scarf"},"content":{"rendered":"<p><span data-sheets-value=\"{\"1\":2,\"2\":\"La maison Dino Gaspari offre une vaste s\u00e9lection de manteaux enti\u00e8rement dessin\u00e9s et fabriqu\u00e9s ici. Gaspari est une marque qui concoit des mod\u00e8les de qualit\u00e9, \u00e9l\u00e9gant et traditionnels, et saura r\u00e9pondre aux besoins de nos clientes. Nous sommes ravis d'encourager une entreprise d'ici, qui partage les valeurs de notre client\u00e8le. - Manteau long (48 pouces) en laine et cachemire muni d'une boutonni\u00e8re classique. Cet item est disponible en noir et camel \"}\" data-sheets-userformat=\"{\"2\":771,\"3\":{\"1\":0},\"4\":{\"1\":2,\"2\":14275305},\"11\":4,\"12\":0}\">Dino Gaspari offers a wide selection of coats and accessories entirely designed and manufactured here. Gaspari is a brand that creates quality, elegant and traditional designs that will meet the needs of our customers. We&#8217;re delighted to support a local company that shares our customers&#8217; values. &#8211;  <\/span>Dyed Finnish cat scarf. This item is available in lagoon blue<\/p>\n","protected":false},"excerpt":{"rendered":"<p>Blue Lagoon Finnish cat scarf<\/p>\n","protected":false},"featured_media":16808,"comment_status":"closed","ping_status":"closed","template":"","meta":[],"product_brand":[],"product_cat":[602,609],"product_tag":[],"class_list":{"0":"post-23123","1":"product","2":"type-product","3":"status-publish","4":"has-post-thumbnail","6":"product_cat-accessories-en-2","7":"product_cat-pashmina-scarves-scarves","8":"pa_couleur-blue","9":"pa_grandeur-o-s-en","11":"first","12":"instock","13":"sold-individually","14":"taxable","15":"shipping-taxable","16":"purchasable","17":"product-type-simple"},"_links":{"self":[{"href":"https:\/\/staging.samuelfourrures.com\/en\/wp-json\/wp\/v2\/product\/23123","targetHints":{"allow":["GET"]}}],"collection":[{"href":"https:\/\/staging.samuelfourrures.com\/en\/wp-json\/wp\/v2\/product"}],"about":[{"href":"https:\/\/staging.samuelfourrures.com\/en\/wp-json\/wp\/v2\/types\/product"}],"replies":[{"embeddable":true,"href":"https:\/\/staging.samuelfourrures.com\/en\/wp-json\/wp\/v2\/comments?post=23123"}],"wp:featuredmedia":[{"embeddable":true,"href":"https:\/\/staging.samuelfourrures.com\/en\/wp-json\/wp\/v2\/media\/16808"}],"wp:attachment":[{"href":"https:\/\/staging.samuelfourrures.com\/en\/wp-json\/wp\/v2\/media?parent=23123"}],"wp:term":[{"taxonomy":"product_brand","embeddable":true,"href":"https:\/\/staging.samuelfourrures.com\/en\/wp-json\/wp\/v2\/product_brand?post=23123"},{"taxonomy":"product_cat","embeddable":true,"href":"https:\/\/staging.samuelfourrures.com\/en\/wp-json\/wp\/v2\/product_cat?post=23123"},{"taxonomy":"product_tag","embeddable":true,"href":"https:\/\/staging.samuelfourrures.com\/en\/wp-json\/wp\/v2\/product_tag?post=23123"}],"curies":[{"name":"wp","href":"https:\/\/api.w.org\/{rel}","templated":true}]}}