{"id":25613,"date":"2024-12-13T15:55:51","date_gmt":"2024-12-13T20:55:51","guid":{"rendered":"https:\/\/samuelfourrures.com\/?post_type=product&#038;p=25613"},"modified":"2024-12-13T15:55:53","modified_gmt":"2024-12-13T20:55:53","slug":"manteau-reversible-en-vison-femelle-naturelle-et-pecan-8783","status":"publish","type":"product","link":"http:\/\/staging.samuelfourrures.com\/en\/produit\/manteau-reversible-en-vison-femelle-naturelle-et-pecan-8783\/","title":{"rendered":"Manteau r\u00e9versible en vison femelle naturelle et p\u00e9can &#8211; 8783"},"content":{"rendered":"<p>Manteau r\u00e9versible en vison femelle naturelle et p\u00e9can &#8211; 8783<\/p>\n<p>Gr: 12-14 ans<\/p>\n","protected":false},"excerpt":{"rendered":"<p>Manteau r\u00e9versible en vison femelle naturelle et p\u00e9can &#8211; 8783<\/p>\n<p>Gr: 12-14 ans<\/p>\n","protected":false},"featured_media":25571,"comment_status":"closed","ping_status":"closed","template":"","meta":[],"product_brand":[],"product_cat":[79,72,67],"product_tag":[],"class_list":{"0":"post-25613","1":"product","2":"type-product","3":"status-publish","4":"has-post-thumbnail","6":"product_cat-12-14-ans","7":"product_cat-femme","8":"product_cat-usages-a-vendre","10":"first","11":"instock","12":"taxable","13":"shipping-taxable","14":"purchasable","15":"product-type-simple"},"_links":{"self":[{"href":"http:\/\/staging.samuelfourrures.com\/en\/wp-json\/wp\/v2\/product\/25613","targetHints":{"allow":["GET"]}}],"collection":[{"href":"http:\/\/staging.samuelfourrures.com\/en\/wp-json\/wp\/v2\/product"}],"about":[{"href":"http:\/\/staging.samuelfourrures.com\/en\/wp-json\/wp\/v2\/types\/product"}],"replies":[{"embeddable":true,"href":"http:\/\/staging.samuelfourrures.com\/en\/wp-json\/wp\/v2\/comments?post=25613"}],"wp:featuredmedia":[{"embeddable":true,"href":"http:\/\/staging.samuelfourrures.com\/en\/wp-json\/wp\/v2\/media\/25571"}],"wp:attachment":[{"href":"http:\/\/staging.samuelfourrures.com\/en\/wp-json\/wp\/v2\/media?parent=25613"}],"wp:term":[{"taxonomy":"product_brand","embeddable":true,"href":"http:\/\/staging.samuelfourrures.com\/en\/wp-json\/wp\/v2\/product_brand?post=25613"},{"taxonomy":"product_cat","embeddable":true,"href":"http:\/\/staging.samuelfourrures.com\/en\/wp-json\/wp\/v2\/product_cat?post=25613"},{"taxonomy":"product_tag","embeddable":true,"href":"http:\/\/staging.samuelfourrures.com\/en\/wp-json\/wp\/v2\/product_tag?post=25613"}],"curies":[{"name":"wp","href":"https:\/\/api.w.org\/{rel}","templated":true}]}}