{"id":25086,"date":"2024-10-03T15:43:26","date_gmt":"2024-10-03T19:43:26","guid":{"rendered":"https:\/\/samuelfourrures.com\/?post_type=product&#038;p=25086"},"modified":"2024-10-18T10:55:27","modified_gmt":"2024-10-18T14:55:27","slug":"manteau-de-vison-fonce-garnis-de-castor-rase-8732","status":"publish","type":"product","link":"http:\/\/staging.samuelfourrures.com\/en\/produit\/manteau-de-vison-fonce-garnis-de-castor-rase-8732\/","title":{"rendered":"Manteau de vison fonc\u00e9 garnis de castor ras\u00e9 &#8211; 8732"},"content":{"rendered":"<p>Manteau de vison fonc\u00e9 garnis de castor ras\u00e9 &#8211; 8732<\/p>\n<p>Gr: 10-12 ans<\/p>\n","protected":false},"excerpt":{"rendered":"<p>Manteau de vison fonc\u00e9 garnis de castor ras\u00e9 &#8211; 8732<\/p>\n<p>Gr: 10-12 ans<\/p>\n","protected":false},"featured_media":25206,"comment_status":"closed","ping_status":"closed","template":"","meta":[],"product_brand":[],"product_cat":[272,72,67,73],"product_tag":[],"class_list":{"0":"post-25086","1":"product","2":"type-product","3":"status-publish","4":"has-post-thumbnail","6":"product_cat-10-12-ans","7":"product_cat-femme","8":"product_cat-usages-a-vendre","9":"product_cat-vison","11":"first","12":"instock","13":"taxable","14":"shipping-taxable","15":"purchasable","16":"product-type-simple"},"_links":{"self":[{"href":"http:\/\/staging.samuelfourrures.com\/en\/wp-json\/wp\/v2\/product\/25086","targetHints":{"allow":["GET"]}}],"collection":[{"href":"http:\/\/staging.samuelfourrures.com\/en\/wp-json\/wp\/v2\/product"}],"about":[{"href":"http:\/\/staging.samuelfourrures.com\/en\/wp-json\/wp\/v2\/types\/product"}],"replies":[{"embeddable":true,"href":"http:\/\/staging.samuelfourrures.com\/en\/wp-json\/wp\/v2\/comments?post=25086"}],"wp:featuredmedia":[{"embeddable":true,"href":"http:\/\/staging.samuelfourrures.com\/en\/wp-json\/wp\/v2\/media\/25206"}],"wp:attachment":[{"href":"http:\/\/staging.samuelfourrures.com\/en\/wp-json\/wp\/v2\/media?parent=25086"}],"wp:term":[{"taxonomy":"product_brand","embeddable":true,"href":"http:\/\/staging.samuelfourrures.com\/en\/wp-json\/wp\/v2\/product_brand?post=25086"},{"taxonomy":"product_cat","embeddable":true,"href":"http:\/\/staging.samuelfourrures.com\/en\/wp-json\/wp\/v2\/product_cat?post=25086"},{"taxonomy":"product_tag","embeddable":true,"href":"http:\/\/staging.samuelfourrures.com\/en\/wp-json\/wp\/v2\/product_tag?post=25086"}],"curies":[{"name":"wp","href":"https:\/\/api.w.org\/{rel}","templated":true}]}}