{"id":23037,"date":"2020-11-09T14:45:00","date_gmt":"2020-11-09T19:45:00","guid":{"rendered":"https:\/\/samuelfourrures.com\/produit\/fosfo-down-jacket-for-women\/"},"modified":"2024-04-06T01:26:17","modified_gmt":"2024-04-06T05:26:17","slug":"fosfo-down-jacket-for-women","status":"publish","type":"product","link":"http:\/\/staging.samuelfourrures.com\/en\/produit\/fosfo-down-jacket-for-women\/","title":{"rendered":"FOSFO down jacket for women"},"content":{"rendered":"<p>This coat is made from recycled fishing net and rip-stop. It keeps you warm down to -25\u00b0C.  <span data-sheets-value=\"{\"1\":2,\"2\":\"Saviez- vous que Audvik fabrique ses manteaux exclusivement au Qu\u00e9bec. Nous somme fiers de compter Audvik parmi nos partenaires et de vous offrir une s\u00e9lection de leurs mod\u00e8les. - Manteau Technique Audvik matelass\u00e9 avec capuchon. Cet item est disponible en noir\"}\" data-sheets-userformat=\"{\"2\":771,\"3\":{\"1\":0},\"4\":{\"1\":2,\"2\":14275305},\"11\":4,\"12\":0}\">We are proud to count Audvik among our partners and to offer you a selection of their models.<\/span><\/p>\n","protected":false},"excerpt":{"rendered":"<p>          <span data-sheets-value=\"{\"1\":2,\"2\":\"Manteau Audvik puffy noir avec capuchon\"}\" data-sheets-userformat=\"{\"2\":771,\"3\":{\"1\":0},\"4\":{\"1\":2,\"2\":14275305},\"11\":4,\"12\":0}\">Audvik puffy black coat with hood<\/span><\/p>\n","protected":false},"featured_media":16946,"comment_status":"closed","ping_status":"closed","template":"","meta":[],"product_brand":[],"product_cat":[600,604],"product_tag":[],"class_list":{"0":"post-23037","1":"product","2":"type-product","3":"status-publish","4":"has-post-thumbnail","6":"product_cat-coats-en","7":"product_cat-women-en","8":"pa_couleur-black","9":"pa_couleur-mole","10":"pa_grandeur-grand-en","11":"pa_grandeur-small","13":"first","14":"instock","15":"taxable","16":"shipping-taxable","17":"purchasable","18":"product-type-variable"},"_links":{"self":[{"href":"http:\/\/staging.samuelfourrures.com\/en\/wp-json\/wp\/v2\/product\/23037","targetHints":{"allow":["GET"]}}],"collection":[{"href":"http:\/\/staging.samuelfourrures.com\/en\/wp-json\/wp\/v2\/product"}],"about":[{"href":"http:\/\/staging.samuelfourrures.com\/en\/wp-json\/wp\/v2\/types\/product"}],"replies":[{"embeddable":true,"href":"http:\/\/staging.samuelfourrures.com\/en\/wp-json\/wp\/v2\/comments?post=23037"}],"wp:featuredmedia":[{"embeddable":true,"href":"http:\/\/staging.samuelfourrures.com\/en\/wp-json\/wp\/v2\/media\/16946"}],"wp:attachment":[{"href":"http:\/\/staging.samuelfourrures.com\/en\/wp-json\/wp\/v2\/media?parent=23037"}],"wp:term":[{"taxonomy":"product_brand","embeddable":true,"href":"http:\/\/staging.samuelfourrures.com\/en\/wp-json\/wp\/v2\/product_brand?post=23037"},{"taxonomy":"product_cat","embeddable":true,"href":"http:\/\/staging.samuelfourrures.com\/en\/wp-json\/wp\/v2\/product_cat?post=23037"},{"taxonomy":"product_tag","embeddable":true,"href":"http:\/\/staging.samuelfourrures.com\/en\/wp-json\/wp\/v2\/product_tag?post=23037"}],"curies":[{"name":"wp","href":"https:\/\/api.w.org\/{rel}","templated":true}]}}