{"id":22873,"date":"2022-05-04T16:36:16","date_gmt":"2022-05-04T20:36:16","guid":{"rendered":"https:\/\/samuelfourrures.com\/produit\/fosfo-short-down-jacket-for-women\/"},"modified":"2024-04-06T01:25:53","modified_gmt":"2024-04-06T05:25:53","slug":"fosfo-short-down-jacket-for-women","status":"publish","type":"product","link":"http:\/\/staging.samuelfourrures.com\/en\/produit\/fosfo-short-down-jacket-for-women\/","title":{"rendered":"FOSFO short down jacket for women"},"content":{"rendered":"<p>This coat is made from recycled fishing net and rip-stop. It keeps you warm down to -25\u00b0C.  <span data-sheets-value=\"{\"1\":2,\"2\":\"Saviez- vous que Audvik fabrique ses manteaux exclusivement au Qu\u00e9bec. Nous somme fiers de compter Audvik parmi nos partenaires et de vous offrir une s\u00e9lection de leurs mod\u00e8les. - Manteau Technique Audvik matelass\u00e9 avec capuchon. Cet item est disponible en noir\"}\" data-sheets-userformat=\"{\"2\":771,\"3\":{\"1\":0},\"4\":{\"1\":2,\"2\":14275305},\"11\":4,\"12\":0}\">We are proud to count Audvik among our partners and to offer you a selection of their models.<\/span><\/p>\n","protected":false},"excerpt":{"rendered":"<p>This coat is made from recycled fishing net and rip-stop. It keeps you warm down to -25\u00b0C. We are proud to count Audvik among our partners and to offer you a selection of their models.<\/p>\n","protected":false},"featured_media":17202,"comment_status":"closed","ping_status":"closed","template":"","meta":[],"product_brand":[],"product_cat":[600,604],"product_tag":[],"class_list":{"0":"post-22873","1":"product","2":"type-product","3":"status-publish","4":"has-post-thumbnail","6":"product_cat-coats-en","7":"product_cat-women-en","8":"pa_couleur-yellow","9":"pa_grandeur-small","11":"first","12":"instock","13":"sale","14":"taxable","15":"shipping-taxable","16":"purchasable","17":"product-type-variable"},"_links":{"self":[{"href":"http:\/\/staging.samuelfourrures.com\/en\/wp-json\/wp\/v2\/product\/22873","targetHints":{"allow":["GET"]}}],"collection":[{"href":"http:\/\/staging.samuelfourrures.com\/en\/wp-json\/wp\/v2\/product"}],"about":[{"href":"http:\/\/staging.samuelfourrures.com\/en\/wp-json\/wp\/v2\/types\/product"}],"replies":[{"embeddable":true,"href":"http:\/\/staging.samuelfourrures.com\/en\/wp-json\/wp\/v2\/comments?post=22873"}],"wp:featuredmedia":[{"embeddable":true,"href":"http:\/\/staging.samuelfourrures.com\/en\/wp-json\/wp\/v2\/media\/17202"}],"wp:attachment":[{"href":"http:\/\/staging.samuelfourrures.com\/en\/wp-json\/wp\/v2\/media?parent=22873"}],"wp:term":[{"taxonomy":"product_brand","embeddable":true,"href":"http:\/\/staging.samuelfourrures.com\/en\/wp-json\/wp\/v2\/product_brand?post=22873"},{"taxonomy":"product_cat","embeddable":true,"href":"http:\/\/staging.samuelfourrures.com\/en\/wp-json\/wp\/v2\/product_cat?post=22873"},{"taxonomy":"product_tag","embeddable":true,"href":"http:\/\/staging.samuelfourrures.com\/en\/wp-json\/wp\/v2\/product_tag?post=22873"}],"curies":[{"name":"wp","href":"https:\/\/api.w.org\/{rel}","templated":true}]}}